{"id":13,"date":"2018-05-01T15:57:44","date_gmt":"2018-05-01T15:57:44","guid":{"rendered":"http:\/\/xn--sgewerk-ambach-5hb.de\/?page_id=13"},"modified":"2018-05-22T19:15:11","modified_gmt":"2018-05-22T19:15:11","slug":"leistungen","status":"publish","type":"page","link":"https:\/\/xn--sgewerk-ambach-5hb.de\/","title":{"rendered":"Leistungen"},"content":{"rendered":"<ul>\n<li>\n<hr \/>\n<p><em>Lohnschnitt<\/em>:<br \/>\nDurchmesser bis 55cm<br \/>\nL\u00e4nge bis 13m<\/p>\n<hr \/>\n<\/li>\n<li><em>Holzangebot<\/em>:<br \/>\n<strong>nur Fichtenholz s\u00e4gerau<\/strong><br \/>\n&#8211; 24mm Bretter<br \/>\n&#8211; 30mm Bretter<br \/>\n&#8211; L\u00e4den: 40mm bis 80mm<br \/>\n&#8211; Dachlatten: 3x5cm und 4x6cm<br \/>\n&#8211; Balken: z.B. 10x10cm, 16x24cm, 10x14cm, 10&#215;18, 8x12cm und andere Querschnitte<br \/>\n&#8211; Windfangbretter: 30mm stark, L\u00e4nge bis 13m auf Anfrage<\/li>\n<\/ul>\n","protected":false},"excerpt":{"rendered":"<p>Lohnschnitt: Durchmesser bis 55cm L\u00e4nge bis 13m Holzangebot: nur Fichtenholz s\u00e4gerau &#8211; 24mm Bretter &#8211; 30mm Bretter &#8211; L\u00e4den: 40mm bis 80mm &#8211; Dachlatten: 3x5cm und 4x6cm &#8211; Balken: z.B. 10x10cm, 16x24cm, 10x14cm, 10&#215;18, 8x12cm und andere Querschnitte &#8211; Windfangbretter: 30mm stark, L\u00e4nge bis 13m auf Anfrage<\/p>\n","protected":false},"author":2,"featured_media":0,"parent":0,"menu_order":1,"comment_status":"closed","ping_status":"closed","template":"","meta":{"footnotes":""},"_links":{"self":[{"href":"https:\/\/xn--sgewerk-ambach-5hb.de\/index.php?rest_route=\/wp\/v2\/pages\/13"}],"collection":[{"href":"https:\/\/xn--sgewerk-ambach-5hb.de\/index.php?rest_route=\/wp\/v2\/pages"}],"about":[{"href":"https:\/\/xn--sgewerk-ambach-5hb.de\/index.php?rest_route=\/wp\/v2\/types\/page"}],"author":[{"embeddable":true,"href":"https:\/\/xn--sgewerk-ambach-5hb.de\/index.php?rest_route=\/wp\/v2\/users\/2"}],"replies":[{"embeddable":true,"href":"https:\/\/xn--sgewerk-ambach-5hb.de\/index.php?rest_route=%2Fwp%2Fv2%2Fcomments&post=13"}],"version-history":[{"count":8,"href":"https:\/\/xn--sgewerk-ambach-5hb.de\/index.php?rest_route=\/wp\/v2\/pages\/13\/revisions"}],"predecessor-version":[{"id":78,"href":"https:\/\/xn--sgewerk-ambach-5hb.de\/index.php?rest_route=\/wp\/v2\/pages\/13\/revisions\/78"}],"wp:attachment":[{"href":"https:\/\/xn--sgewerk-ambach-5hb.de\/index.php?rest_route=%2Fwp%2Fv2%2Fmedia&parent=13"}],"curies":[{"name":"wp","href":"https:\/\/api.w.org\/{rel}","templated":true}]}}